{"id":42879,"date":"2022-09-14T10:50:17","date_gmt":"2022-09-14T10:50:17","guid":{"rendered":"https:\/\/baltichorizon.com\/sustainability\/"},"modified":"2026-02-23T12:30:33","modified_gmt":"2026-02-23T10:30:33","slug":"esg","status":"publish","type":"page","link":"https:\/\/www.baltichorizon.com\/et\/esg\/","title":{"rendered":"J\u00e4tkusuutlikkus"},"content":{"rendered":"","protected":false},"excerpt":{"rendered":"","protected":false},"author":1,"featured_media":32388,"parent":0,"menu_order":0,"comment_status":"closed","ping_status":"closed","template":"sustainability.blade.php","meta":{"_acf_changed":false,"inline_featured_image":false,"footnotes":""},"class_list":["post-42879","page","type-page","status-publish","has-post-thumbnail","hentry"],"acf":[],"yoast_head":"<!-- This site is optimized with the Yoast SEO plugin v27.3 - https:\/\/yoast.com\/product\/yoast-seo-wordpress\/ -->\n<title>J\u00e4tkusuutlikkus - Baltic Horizon<\/title>\n<meta name=\"description\" content=\"Oleme l\u00f5iminud oma \u00e4riotsustesse ja -tegevusse keskkonna-, sotsiaalsed ja juhtimisalased (ESG) tegurid ning peame neid keskseks strateegiliseks meetmeks.\" \/>\n<meta name=\"robots\" content=\"index, follow, max-snippet:-1, max-image-preview:large, max-video-preview:-1\" \/>\n<link rel=\"canonical\" href=\"https:\/\/www.baltichorizon.com\/et\/esg\/\" \/>\n<meta property=\"og:locale\" content=\"et_EE\" \/>\n<meta property=\"og:type\" content=\"article\" \/>\n<meta property=\"og:title\" content=\"J\u00e4tkusuutlikkus - Baltic Horizon\" \/>\n<meta property=\"og:description\" content=\"Oleme l\u00f5iminud oma \u00e4riotsustesse ja -tegevusse keskkonna-, sotsiaalsed ja juhtimisalased (ESG) tegurid ning peame neid keskseks strateegiliseks meetmeks.\" \/>\n<meta property=\"og:url\" content=\"https:\/\/www.baltichorizon.com\/et\/esg\/\" \/>\n<meta property=\"og:site_name\" content=\"Baltic Horizon\" \/>\n<meta property=\"article:publisher\" content=\"https:\/\/www.facebook.com\/baltichorizon\" \/>\n<meta property=\"article:modified_time\" content=\"2026-02-23T10:30:33+00:00\" \/>\n<meta property=\"og:image\" content=\"https:\/\/www.baltichorizon.com\/wp-content\/uploads\/2022\/10\/environment-1-1024x589.jpg\" \/>\n\t<meta property=\"og:image:width\" content=\"1024\" \/>\n\t<meta property=\"og:image:height\" content=\"589\" \/>\n\t<meta property=\"og:image:type\" content=\"image\/jpeg\" \/>\n<meta name=\"twitter:card\" content=\"summary_large_image\" \/>\n<meta name=\"twitter:site\" content=\"@BalticHorizon\" \/>\n<meta name=\"twitter:label1\" content=\"Est. reading time\" \/>\n\t<meta name=\"twitter:data1\" content=\"1 minut\" \/>\n<script type=\"application\/ld+json\" class=\"yoast-schema-graph\">{\"@context\":\"https:\\\/\\\/schema.org\",\"@graph\":[{\"@type\":[\"WebPage\",\"AboutPage\"],\"@id\":\"https:\\\/\\\/www.baltichorizon.com\\\/et\\\/esg\\\/\",\"url\":\"https:\\\/\\\/www.baltichorizon.com\\\/et\\\/esg\\\/\",\"name\":\"J\u00e4tkusuutlikkus - Baltic Horizon\",\"isPartOf\":{\"@id\":\"https:\\\/\\\/www.baltichorizon.com\\\/et\\\/#website\"},\"primaryImageOfPage\":{\"@id\":\"https:\\\/\\\/www.baltichorizon.com\\\/et\\\/esg\\\/#primaryimage\"},\"image\":{\"@id\":\"https:\\\/\\\/www.baltichorizon.com\\\/et\\\/esg\\\/#primaryimage\"},\"thumbnailUrl\":\"https:\\\/\\\/www.baltichorizon.com\\\/wp-content\\\/uploads\\\/2022\\\/10\\\/environment-1.jpg\",\"datePublished\":\"2022-09-14T10:50:17+00:00\",\"dateModified\":\"2026-02-23T10:30:33+00:00\",\"description\":\"Oleme l\u00f5iminud oma \u00e4riotsustesse ja -tegevusse keskkonna-, sotsiaalsed ja juhtimisalased (ESG) tegurid ning peame neid keskseks strateegiliseks meetmeks.\",\"breadcrumb\":{\"@id\":\"https:\\\/\\\/www.baltichorizon.com\\\/et\\\/esg\\\/#breadcrumb\"},\"inLanguage\":\"et\",\"potentialAction\":[{\"@type\":\"ReadAction\",\"target\":[\"https:\\\/\\\/www.baltichorizon.com\\\/et\\\/esg\\\/\"]}]},{\"@type\":\"ImageObject\",\"inLanguage\":\"et\",\"@id\":\"https:\\\/\\\/www.baltichorizon.com\\\/et\\\/esg\\\/#primaryimage\",\"url\":\"https:\\\/\\\/www.baltichorizon.com\\\/wp-content\\\/uploads\\\/2022\\\/10\\\/environment-1.jpg\",\"contentUrl\":\"https:\\\/\\\/www.baltichorizon.com\\\/wp-content\\\/uploads\\\/2022\\\/10\\\/environment-1.jpg\",\"width\":2016,\"height\":1160},{\"@type\":\"BreadcrumbList\",\"@id\":\"https:\\\/\\\/www.baltichorizon.com\\\/et\\\/esg\\\/#breadcrumb\",\"itemListElement\":[{\"@type\":\"ListItem\",\"position\":1,\"name\":\"Home\",\"item\":\"https:\\\/\\\/www.baltichorizon.com\\\/et\\\/\"},{\"@type\":\"ListItem\",\"position\":2,\"name\":\"J\u00e4tkusuutlikkus\"}]},{\"@type\":\"WebSite\",\"@id\":\"https:\\\/\\\/www.baltichorizon.com\\\/et\\\/#website\",\"url\":\"https:\\\/\\\/www.baltichorizon.com\\\/et\\\/\",\"name\":\"Baltic Horizon\",\"description\":\"Baltic Horizon Fund (further \u201cBH\u201d) is a regulated closed-end contractual investment fund registered in Estonia on 23 May 2016.\",\"publisher\":{\"@id\":\"https:\\\/\\\/www.baltichorizon.com\\\/et\\\/#organization\"},\"potentialAction\":[{\"@type\":\"SearchAction\",\"target\":{\"@type\":\"EntryPoint\",\"urlTemplate\":\"https:\\\/\\\/www.baltichorizon.com\\\/et\\\/?s={search_term_string}\"},\"query-input\":{\"@type\":\"PropertyValueSpecification\",\"valueRequired\":true,\"valueName\":\"search_term_string\"}}],\"inLanguage\":\"et\"},{\"@type\":\"Organization\",\"@id\":\"https:\\\/\\\/www.baltichorizon.com\\\/et\\\/#organization\",\"name\":\"Baltic Horizon\",\"url\":\"https:\\\/\\\/www.baltichorizon.com\\\/et\\\/\",\"logo\":{\"@type\":\"ImageObject\",\"inLanguage\":\"et\",\"@id\":\"https:\\\/\\\/www.baltichorizon.com\\\/et\\\/#\\\/schema\\\/logo\\\/image\\\/\",\"url\":\"https:\\\/\\\/www.baltichorizon.com\\\/wp-content\\\/uploads\\\/2022\\\/11\\\/default-image.jpg\",\"contentUrl\":\"https:\\\/\\\/www.baltichorizon.com\\\/wp-content\\\/uploads\\\/2022\\\/11\\\/default-image.jpg\",\"width\":768,\"height\":660,\"caption\":\"Baltic Horizon\"},\"image\":{\"@id\":\"https:\\\/\\\/www.baltichorizon.com\\\/et\\\/#\\\/schema\\\/logo\\\/image\\\/\"},\"sameAs\":[\"https:\\\/\\\/www.facebook.com\\\/baltichorizon\",\"https:\\\/\\\/x.com\\\/BalticHorizon\",\"https:\\\/\\\/www.linkedin.com\\\/company\\\/baltic-horizon\\\/\",\"https:\\\/\\\/www.youtube.com\\\/channel\\\/UCxi2F3KlIse1gAxfe-vWK9A\"]}]}<\/script>\n<!-- \/ Yoast SEO plugin. -->","yoast_head_json":{"title":"J\u00e4tkusuutlikkus - Baltic Horizon","description":"Oleme l\u00f5iminud oma \u00e4riotsustesse ja -tegevusse keskkonna-, sotsiaalsed ja juhtimisalased (ESG) tegurid ning peame neid keskseks strateegiliseks meetmeks.","robots":{"index":"index","follow":"follow","max-snippet":"max-snippet:-1","max-image-preview":"max-image-preview:large","max-video-preview":"max-video-preview:-1"},"canonical":"https:\/\/www.baltichorizon.com\/et\/esg\/","og_locale":"et_EE","og_type":"article","og_title":"J\u00e4tkusuutlikkus - Baltic Horizon","og_description":"Oleme l\u00f5iminud oma \u00e4riotsustesse ja -tegevusse keskkonna-, sotsiaalsed ja juhtimisalased (ESG) tegurid ning peame neid keskseks strateegiliseks meetmeks.","og_url":"https:\/\/www.baltichorizon.com\/et\/esg\/","og_site_name":"Baltic Horizon","article_publisher":"https:\/\/www.facebook.com\/baltichorizon","article_modified_time":"2026-02-23T10:30:33+00:00","og_image":[{"width":1024,"height":589,"url":"https:\/\/www.baltichorizon.com\/wp-content\/uploads\/2022\/10\/environment-1-1024x589.jpg","type":"image\/jpeg"}],"twitter_card":"summary_large_image","twitter_site":"@BalticHorizon","twitter_misc":{"Est. reading time":"1 minut"},"schema":{"@context":"https:\/\/schema.org","@graph":[{"@type":["WebPage","AboutPage"],"@id":"https:\/\/www.baltichorizon.com\/et\/esg\/","url":"https:\/\/www.baltichorizon.com\/et\/esg\/","name":"J\u00e4tkusuutlikkus - Baltic Horizon","isPartOf":{"@id":"https:\/\/www.baltichorizon.com\/et\/#website"},"primaryImageOfPage":{"@id":"https:\/\/www.baltichorizon.com\/et\/esg\/#primaryimage"},"image":{"@id":"https:\/\/www.baltichorizon.com\/et\/esg\/#primaryimage"},"thumbnailUrl":"https:\/\/www.baltichorizon.com\/wp-content\/uploads\/2022\/10\/environment-1.jpg","datePublished":"2022-09-14T10:50:17+00:00","dateModified":"2026-02-23T10:30:33+00:00","description":"Oleme l\u00f5iminud oma \u00e4riotsustesse ja -tegevusse keskkonna-, sotsiaalsed ja juhtimisalased (ESG) tegurid ning peame neid keskseks strateegiliseks meetmeks.","breadcrumb":{"@id":"https:\/\/www.baltichorizon.com\/et\/esg\/#breadcrumb"},"inLanguage":"et","potentialAction":[{"@type":"ReadAction","target":["https:\/\/www.baltichorizon.com\/et\/esg\/"]}]},{"@type":"ImageObject","inLanguage":"et","@id":"https:\/\/www.baltichorizon.com\/et\/esg\/#primaryimage","url":"https:\/\/www.baltichorizon.com\/wp-content\/uploads\/2022\/10\/environment-1.jpg","contentUrl":"https:\/\/www.baltichorizon.com\/wp-content\/uploads\/2022\/10\/environment-1.jpg","width":2016,"height":1160},{"@type":"BreadcrumbList","@id":"https:\/\/www.baltichorizon.com\/et\/esg\/#breadcrumb","itemListElement":[{"@type":"ListItem","position":1,"name":"Home","item":"https:\/\/www.baltichorizon.com\/et\/"},{"@type":"ListItem","position":2,"name":"J\u00e4tkusuutlikkus"}]},{"@type":"WebSite","@id":"https:\/\/www.baltichorizon.com\/et\/#website","url":"https:\/\/www.baltichorizon.com\/et\/","name":"Baltic Horizon","description":"Baltic Horizon Fund (further \u201cBH\u201d) is a regulated closed-end contractual investment fund registered in Estonia on 23 May 2016.","publisher":{"@id":"https:\/\/www.baltichorizon.com\/et\/#organization"},"potentialAction":[{"@type":"SearchAction","target":{"@type":"EntryPoint","urlTemplate":"https:\/\/www.baltichorizon.com\/et\/?s={search_term_string}"},"query-input":{"@type":"PropertyValueSpecification","valueRequired":true,"valueName":"search_term_string"}}],"inLanguage":"et"},{"@type":"Organization","@id":"https:\/\/www.baltichorizon.com\/et\/#organization","name":"Baltic Horizon","url":"https:\/\/www.baltichorizon.com\/et\/","logo":{"@type":"ImageObject","inLanguage":"et","@id":"https:\/\/www.baltichorizon.com\/et\/#\/schema\/logo\/image\/","url":"https:\/\/www.baltichorizon.com\/wp-content\/uploads\/2022\/11\/default-image.jpg","contentUrl":"https:\/\/www.baltichorizon.com\/wp-content\/uploads\/2022\/11\/default-image.jpg","width":768,"height":660,"caption":"Baltic Horizon"},"image":{"@id":"https:\/\/www.baltichorizon.com\/et\/#\/schema\/logo\/image\/"},"sameAs":["https:\/\/www.facebook.com\/baltichorizon","https:\/\/x.com\/BalticHorizon","https:\/\/www.linkedin.com\/company\/baltic-horizon\/","https:\/\/www.youtube.com\/channel\/UCxi2F3KlIse1gAxfe-vWK9A"]}]}},"_links":{"self":[{"href":"https:\/\/www.baltichorizon.com\/et\/wp-json\/wp\/v2\/pages\/42879","targetHints":{"allow":["GET"]}}],"collection":[{"href":"https:\/\/www.baltichorizon.com\/et\/wp-json\/wp\/v2\/pages"}],"about":[{"href":"https:\/\/www.baltichorizon.com\/et\/wp-json\/wp\/v2\/types\/page"}],"author":[{"embeddable":true,"href":"https:\/\/www.baltichorizon.com\/et\/wp-json\/wp\/v2\/users\/1"}],"replies":[{"embeddable":true,"href":"https:\/\/www.baltichorizon.com\/et\/wp-json\/wp\/v2\/comments?post=42879"}],"version-history":[{"count":21,"href":"https:\/\/www.baltichorizon.com\/et\/wp-json\/wp\/v2\/pages\/42879\/revisions"}],"predecessor-version":[{"id":368673,"href":"https:\/\/www.baltichorizon.com\/et\/wp-json\/wp\/v2\/pages\/42879\/revisions\/368673"}],"wp:featuredmedia":[{"embeddable":true,"href":"https:\/\/www.baltichorizon.com\/et\/wp-json\/wp\/v2\/media\/32388"}],"wp:attachment":[{"href":"https:\/\/www.baltichorizon.com\/et\/wp-json\/wp\/v2\/media?parent=42879"}],"curies":[{"name":"wp","href":"https:\/\/api.w.org\/{rel}","templated":true}]}}