{"id":42891,"date":"2022-10-17T15:53:21","date_gmt":"2022-10-17T12:53:21","guid":{"rendered":"https:\/\/baltichorizon.com\/sustainability\/governance\/"},"modified":"2026-02-23T12:38:10","modified_gmt":"2026-02-23T10:38:10","slug":"juhtimine","status":"publish","type":"page","link":"https:\/\/www.baltichorizon.com\/et\/esg\/juhtimine\/","title":{"rendered":"Juhtimine"},"content":{"rendered":"","protected":false},"excerpt":{"rendered":"","protected":false},"author":1,"featured_media":0,"parent":42879,"menu_order":0,"comment_status":"closed","ping_status":"closed","template":"sustainability.blade.php","meta":{"_acf_changed":false,"inline_featured_image":false,"footnotes":""},"class_list":["post-42891","page","type-page","status-publish","hentry"],"acf":[],"yoast_head":"<!-- This site is optimized with the Yoast SEO plugin v27.3 - https:\/\/yoast.com\/product\/yoast-seo-wordpress\/ -->\n<title>Juhtimine - Baltic Horizon<\/title>\n<meta name=\"description\" content=\"Oleme p\u00fchendunud hea juhtimistava p\u00f5him\u00f5tetele, professionaalsuse ja eetika standarditele.\" \/>\n<meta name=\"robots\" content=\"index, follow, max-snippet:-1, max-image-preview:large, max-video-preview:-1\" \/>\n<link rel=\"canonical\" href=\"https:\/\/www.baltichorizon.com\/et\/esg\/juhtimine\/\" \/>\n<meta property=\"og:locale\" content=\"et_EE\" \/>\n<meta property=\"og:type\" content=\"article\" \/>\n<meta property=\"og:title\" content=\"Juhtimine - Baltic Horizon\" \/>\n<meta property=\"og:description\" content=\"Oleme p\u00fchendunud hea juhtimistava p\u00f5him\u00f5tetele, professionaalsuse ja eetika standarditele.\" \/>\n<meta property=\"og:url\" content=\"https:\/\/www.baltichorizon.com\/et\/esg\/juhtimine\/\" \/>\n<meta property=\"og:site_name\" content=\"Baltic Horizon\" \/>\n<meta property=\"article:publisher\" content=\"https:\/\/www.facebook.com\/baltichorizon\" \/>\n<meta property=\"article:modified_time\" content=\"2026-02-23T10:38:10+00:00\" \/>\n<meta name=\"twitter:card\" content=\"summary_large_image\" \/>\n<meta name=\"twitter:site\" content=\"@BalticHorizon\" \/>\n<script type=\"application\/ld+json\" class=\"yoast-schema-graph\">{\"@context\":\"https:\\\/\\\/schema.org\",\"@graph\":[{\"@type\":[\"WebPage\",\"AboutPage\"],\"@id\":\"https:\\\/\\\/www.baltichorizon.com\\\/et\\\/esg\\\/juhtimine\\\/\",\"url\":\"https:\\\/\\\/www.baltichorizon.com\\\/et\\\/esg\\\/juhtimine\\\/\",\"name\":\"Juhtimine - Baltic Horizon\",\"isPartOf\":{\"@id\":\"https:\\\/\\\/www.baltichorizon.com\\\/et\\\/#website\"},\"datePublished\":\"2022-10-17T12:53:21+00:00\",\"dateModified\":\"2026-02-23T10:38:10+00:00\",\"description\":\"Oleme p\u00fchendunud hea juhtimistava p\u00f5him\u00f5tetele, professionaalsuse ja eetika standarditele.\",\"breadcrumb\":{\"@id\":\"https:\\\/\\\/www.baltichorizon.com\\\/et\\\/esg\\\/juhtimine\\\/#breadcrumb\"},\"inLanguage\":\"et\",\"potentialAction\":[{\"@type\":\"ReadAction\",\"target\":[\"https:\\\/\\\/www.baltichorizon.com\\\/et\\\/esg\\\/juhtimine\\\/\"]}]},{\"@type\":\"BreadcrumbList\",\"@id\":\"https:\\\/\\\/www.baltichorizon.com\\\/et\\\/esg\\\/juhtimine\\\/#breadcrumb\",\"itemListElement\":[{\"@type\":\"ListItem\",\"position\":1,\"name\":\"Home\",\"item\":\"https:\\\/\\\/www.baltichorizon.com\\\/et\\\/\"},{\"@type\":\"ListItem\",\"position\":2,\"name\":\"J\u00e4tkusuutlikkus\",\"item\":\"https:\\\/\\\/www.baltichorizon.com\\\/et\\\/esg\\\/\"},{\"@type\":\"ListItem\",\"position\":3,\"name\":\"Juhtimine\"}]},{\"@type\":\"WebSite\",\"@id\":\"https:\\\/\\\/www.baltichorizon.com\\\/et\\\/#website\",\"url\":\"https:\\\/\\\/www.baltichorizon.com\\\/et\\\/\",\"name\":\"Baltic Horizon\",\"description\":\"Baltic Horizon Fund (further \u201cBH\u201d) is a regulated closed-end contractual investment fund registered in Estonia on 23 May 2016.\",\"publisher\":{\"@id\":\"https:\\\/\\\/www.baltichorizon.com\\\/et\\\/#organization\"},\"potentialAction\":[{\"@type\":\"SearchAction\",\"target\":{\"@type\":\"EntryPoint\",\"urlTemplate\":\"https:\\\/\\\/www.baltichorizon.com\\\/et\\\/?s={search_term_string}\"},\"query-input\":{\"@type\":\"PropertyValueSpecification\",\"valueRequired\":true,\"valueName\":\"search_term_string\"}}],\"inLanguage\":\"et\"},{\"@type\":\"Organization\",\"@id\":\"https:\\\/\\\/www.baltichorizon.com\\\/et\\\/#organization\",\"name\":\"Baltic Horizon\",\"url\":\"https:\\\/\\\/www.baltichorizon.com\\\/et\\\/\",\"logo\":{\"@type\":\"ImageObject\",\"inLanguage\":\"et\",\"@id\":\"https:\\\/\\\/www.baltichorizon.com\\\/et\\\/#\\\/schema\\\/logo\\\/image\\\/\",\"url\":\"https:\\\/\\\/www.baltichorizon.com\\\/wp-content\\\/uploads\\\/2022\\\/11\\\/default-image.jpg\",\"contentUrl\":\"https:\\\/\\\/www.baltichorizon.com\\\/wp-content\\\/uploads\\\/2022\\\/11\\\/default-image.jpg\",\"width\":768,\"height\":660,\"caption\":\"Baltic Horizon\"},\"image\":{\"@id\":\"https:\\\/\\\/www.baltichorizon.com\\\/et\\\/#\\\/schema\\\/logo\\\/image\\\/\"},\"sameAs\":[\"https:\\\/\\\/www.facebook.com\\\/baltichorizon\",\"https:\\\/\\\/x.com\\\/BalticHorizon\",\"https:\\\/\\\/www.linkedin.com\\\/company\\\/baltic-horizon\\\/\",\"https:\\\/\\\/www.youtube.com\\\/channel\\\/UCxi2F3KlIse1gAxfe-vWK9A\"]}]}<\/script>\n<!-- \/ Yoast SEO plugin. -->","yoast_head_json":{"title":"Juhtimine - Baltic Horizon","description":"Oleme p\u00fchendunud hea juhtimistava p\u00f5him\u00f5tetele, professionaalsuse ja eetika standarditele.","robots":{"index":"index","follow":"follow","max-snippet":"max-snippet:-1","max-image-preview":"max-image-preview:large","max-video-preview":"max-video-preview:-1"},"canonical":"https:\/\/www.baltichorizon.com\/et\/esg\/juhtimine\/","og_locale":"et_EE","og_type":"article","og_title":"Juhtimine - Baltic Horizon","og_description":"Oleme p\u00fchendunud hea juhtimistava p\u00f5him\u00f5tetele, professionaalsuse ja eetika standarditele.","og_url":"https:\/\/www.baltichorizon.com\/et\/esg\/juhtimine\/","og_site_name":"Baltic Horizon","article_publisher":"https:\/\/www.facebook.com\/baltichorizon","article_modified_time":"2026-02-23T10:38:10+00:00","twitter_card":"summary_large_image","twitter_site":"@BalticHorizon","schema":{"@context":"https:\/\/schema.org","@graph":[{"@type":["WebPage","AboutPage"],"@id":"https:\/\/www.baltichorizon.com\/et\/esg\/juhtimine\/","url":"https:\/\/www.baltichorizon.com\/et\/esg\/juhtimine\/","name":"Juhtimine - Baltic Horizon","isPartOf":{"@id":"https:\/\/www.baltichorizon.com\/et\/#website"},"datePublished":"2022-10-17T12:53:21+00:00","dateModified":"2026-02-23T10:38:10+00:00","description":"Oleme p\u00fchendunud hea juhtimistava p\u00f5him\u00f5tetele, professionaalsuse ja eetika standarditele.","breadcrumb":{"@id":"https:\/\/www.baltichorizon.com\/et\/esg\/juhtimine\/#breadcrumb"},"inLanguage":"et","potentialAction":[{"@type":"ReadAction","target":["https:\/\/www.baltichorizon.com\/et\/esg\/juhtimine\/"]}]},{"@type":"BreadcrumbList","@id":"https:\/\/www.baltichorizon.com\/et\/esg\/juhtimine\/#breadcrumb","itemListElement":[{"@type":"ListItem","position":1,"name":"Home","item":"https:\/\/www.baltichorizon.com\/et\/"},{"@type":"ListItem","position":2,"name":"J\u00e4tkusuutlikkus","item":"https:\/\/www.baltichorizon.com\/et\/esg\/"},{"@type":"ListItem","position":3,"name":"Juhtimine"}]},{"@type":"WebSite","@id":"https:\/\/www.baltichorizon.com\/et\/#website","url":"https:\/\/www.baltichorizon.com\/et\/","name":"Baltic Horizon","description":"Baltic Horizon Fund (further \u201cBH\u201d) is a regulated closed-end contractual investment fund registered in Estonia on 23 May 2016.","publisher":{"@id":"https:\/\/www.baltichorizon.com\/et\/#organization"},"potentialAction":[{"@type":"SearchAction","target":{"@type":"EntryPoint","urlTemplate":"https:\/\/www.baltichorizon.com\/et\/?s={search_term_string}"},"query-input":{"@type":"PropertyValueSpecification","valueRequired":true,"valueName":"search_term_string"}}],"inLanguage":"et"},{"@type":"Organization","@id":"https:\/\/www.baltichorizon.com\/et\/#organization","name":"Baltic Horizon","url":"https:\/\/www.baltichorizon.com\/et\/","logo":{"@type":"ImageObject","inLanguage":"et","@id":"https:\/\/www.baltichorizon.com\/et\/#\/schema\/logo\/image\/","url":"https:\/\/www.baltichorizon.com\/wp-content\/uploads\/2022\/11\/default-image.jpg","contentUrl":"https:\/\/www.baltichorizon.com\/wp-content\/uploads\/2022\/11\/default-image.jpg","width":768,"height":660,"caption":"Baltic Horizon"},"image":{"@id":"https:\/\/www.baltichorizon.com\/et\/#\/schema\/logo\/image\/"},"sameAs":["https:\/\/www.facebook.com\/baltichorizon","https:\/\/x.com\/BalticHorizon","https:\/\/www.linkedin.com\/company\/baltic-horizon\/","https:\/\/www.youtube.com\/channel\/UCxi2F3KlIse1gAxfe-vWK9A"]}]}},"_links":{"self":[{"href":"https:\/\/www.baltichorizon.com\/et\/wp-json\/wp\/v2\/pages\/42891","targetHints":{"allow":["GET"]}}],"collection":[{"href":"https:\/\/www.baltichorizon.com\/et\/wp-json\/wp\/v2\/pages"}],"about":[{"href":"https:\/\/www.baltichorizon.com\/et\/wp-json\/wp\/v2\/types\/page"}],"author":[{"embeddable":true,"href":"https:\/\/www.baltichorizon.com\/et\/wp-json\/wp\/v2\/users\/1"}],"replies":[{"embeddable":true,"href":"https:\/\/www.baltichorizon.com\/et\/wp-json\/wp\/v2\/comments?post=42891"}],"version-history":[{"count":14,"href":"https:\/\/www.baltichorizon.com\/et\/wp-json\/wp\/v2\/pages\/42891\/revisions"}],"predecessor-version":[{"id":368677,"href":"https:\/\/www.baltichorizon.com\/et\/wp-json\/wp\/v2\/pages\/42891\/revisions\/368677"}],"up":[{"embeddable":true,"href":"https:\/\/www.baltichorizon.com\/et\/wp-json\/wp\/v2\/pages\/42879"}],"wp:attachment":[{"href":"https:\/\/www.baltichorizon.com\/et\/wp-json\/wp\/v2\/media?parent=42891"}],"curies":[{"name":"wp","href":"https:\/\/api.w.org\/{rel}","templated":true}]}}