{"id":42903,"date":"2022-10-17T15:56:55","date_gmt":"2022-10-17T12:56:55","guid":{"rendered":"https:\/\/baltichorizon.com\/sustainability\/sustainability-related-disclosures\/"},"modified":"2025-11-07T17:35:08","modified_gmt":"2025-11-07T15:35:08","slug":"sfdr-teabe-avalikustamine","status":"publish","type":"page","link":"https:\/\/www.baltichorizon.com\/et\/esg\/sfdr-teabe-avalikustamine\/","title":{"rendered":"Baltic Horizon Fondi SFDR teabe avalikustamine"},"content":{"rendered":"","protected":false},"excerpt":{"rendered":"","protected":false},"author":1,"featured_media":0,"parent":42879,"menu_order":0,"comment_status":"closed","ping_status":"closed","template":"","meta":{"_acf_changed":false,"inline_featured_image":false,"footnotes":""},"class_list":["post-42903","page","type-page","status-publish","hentry"],"acf":[],"yoast_head":"<!-- This site is optimized with the Yoast SEO plugin v27.3 - https:\/\/yoast.com\/product\/yoast-seo-wordpress\/ -->\n<title>Baltic Horizon Fondi SFDR teabe avalikustamine - Baltic Horizon<\/title>\n<meta name=\"description\" content=\"Baltic Horizon Fondi teabe avalikustamine j\u00e4tkusuutlikkust k\u00e4sitleva teabe avalikustamise m\u00e4\u00e4ruse (SFDR) alusel.\" \/>\n<meta name=\"robots\" content=\"index, follow, max-snippet:-1, max-image-preview:large, max-video-preview:-1\" \/>\n<link rel=\"canonical\" href=\"https:\/\/www.baltichorizon.com\/et\/esg\/sfdr-teabe-avalikustamine\/\" \/>\n<meta property=\"og:locale\" content=\"et_EE\" \/>\n<meta property=\"og:type\" content=\"article\" \/>\n<meta property=\"og:title\" content=\"Baltic Horizon Fondi SFDR teabe avalikustamine - Baltic Horizon\" \/>\n<meta property=\"og:description\" content=\"Baltic Horizon Fondi teabe avalikustamine j\u00e4tkusuutlikkust k\u00e4sitleva teabe avalikustamise m\u00e4\u00e4ruse (SFDR) alusel.\" \/>\n<meta property=\"og:url\" content=\"https:\/\/www.baltichorizon.com\/et\/esg\/sfdr-teabe-avalikustamine\/\" \/>\n<meta property=\"og:site_name\" content=\"Baltic Horizon\" \/>\n<meta property=\"article:publisher\" content=\"https:\/\/www.facebook.com\/baltichorizon\" \/>\n<meta property=\"article:modified_time\" content=\"2025-11-07T15:35:08+00:00\" \/>\n<meta name=\"twitter:card\" content=\"summary_large_image\" \/>\n<meta name=\"twitter:site\" content=\"@BalticHorizon\" \/>\n<script type=\"application\/ld+json\" class=\"yoast-schema-graph\">{\"@context\":\"https:\\\/\\\/schema.org\",\"@graph\":[{\"@type\":[\"Article\",\"Report\"],\"@id\":\"https:\\\/\\\/www.baltichorizon.com\\\/et\\\/esg\\\/sfdr-teabe-avalikustamine\\\/#article\",\"isPartOf\":{\"@id\":\"https:\\\/\\\/www.baltichorizon.com\\\/et\\\/esg\\\/sfdr-teabe-avalikustamine\\\/\"},\"author\":{\"name\":\"admin_baltic\",\"@id\":\"https:\\\/\\\/www.baltichorizon.com\\\/et\\\/#\\\/schema\\\/person\\\/cfd727154e020e736c8e53a70c2aa721\"},\"headline\":\"Baltic Horizon Fondi SFDR teabe avalikustamine\",\"datePublished\":\"2022-10-17T12:56:55+00:00\",\"dateModified\":\"2025-11-07T15:35:08+00:00\",\"mainEntityOfPage\":{\"@id\":\"https:\\\/\\\/www.baltichorizon.com\\\/et\\\/esg\\\/sfdr-teabe-avalikustamine\\\/\"},\"wordCount\":6,\"publisher\":{\"@id\":\"https:\\\/\\\/www.baltichorizon.com\\\/et\\\/#organization\"},\"inLanguage\":\"et\"},{\"@type\":[\"WebPage\",\"FAQPage\"],\"@id\":\"https:\\\/\\\/www.baltichorizon.com\\\/et\\\/esg\\\/sfdr-teabe-avalikustamine\\\/\",\"url\":\"https:\\\/\\\/www.baltichorizon.com\\\/et\\\/esg\\\/sfdr-teabe-avalikustamine\\\/\",\"name\":\"Baltic Horizon Fondi SFDR teabe avalikustamine - Baltic Horizon\",\"isPartOf\":{\"@id\":\"https:\\\/\\\/www.baltichorizon.com\\\/et\\\/#website\"},\"datePublished\":\"2022-10-17T12:56:55+00:00\",\"dateModified\":\"2025-11-07T15:35:08+00:00\",\"description\":\"Baltic Horizon Fondi teabe avalikustamine j\u00e4tkusuutlikkust k\u00e4sitleva teabe avalikustamise m\u00e4\u00e4ruse (SFDR) alusel.\",\"breadcrumb\":{\"@id\":\"https:\\\/\\\/www.baltichorizon.com\\\/et\\\/esg\\\/sfdr-teabe-avalikustamine\\\/#breadcrumb\"},\"inLanguage\":\"et\",\"potentialAction\":[{\"@type\":\"ReadAction\",\"target\":[\"https:\\\/\\\/www.baltichorizon.com\\\/et\\\/esg\\\/sfdr-teabe-avalikustamine\\\/\"]}]},{\"@type\":\"BreadcrumbList\",\"@id\":\"https:\\\/\\\/www.baltichorizon.com\\\/et\\\/esg\\\/sfdr-teabe-avalikustamine\\\/#breadcrumb\",\"itemListElement\":[{\"@type\":\"ListItem\",\"position\":1,\"name\":\"Home\",\"item\":\"https:\\\/\\\/www.baltichorizon.com\\\/et\\\/\"},{\"@type\":\"ListItem\",\"position\":2,\"name\":\"J\u00e4tkusuutlikkus\",\"item\":\"https:\\\/\\\/www.baltichorizon.com\\\/et\\\/esg\\\/\"},{\"@type\":\"ListItem\",\"position\":3,\"name\":\"Baltic Horizon Fondi SFDR teabe avalikustamine\"}]},{\"@type\":\"WebSite\",\"@id\":\"https:\\\/\\\/www.baltichorizon.com\\\/et\\\/#website\",\"url\":\"https:\\\/\\\/www.baltichorizon.com\\\/et\\\/\",\"name\":\"Baltic Horizon\",\"description\":\"Baltic Horizon Fund (further \u201cBH\u201d) is a regulated closed-end contractual investment fund registered in Estonia on 23 May 2016.\",\"publisher\":{\"@id\":\"https:\\\/\\\/www.baltichorizon.com\\\/et\\\/#organization\"},\"potentialAction\":[{\"@type\":\"SearchAction\",\"target\":{\"@type\":\"EntryPoint\",\"urlTemplate\":\"https:\\\/\\\/www.baltichorizon.com\\\/et\\\/?s={search_term_string}\"},\"query-input\":{\"@type\":\"PropertyValueSpecification\",\"valueRequired\":true,\"valueName\":\"search_term_string\"}}],\"inLanguage\":\"et\"},{\"@type\":\"Organization\",\"@id\":\"https:\\\/\\\/www.baltichorizon.com\\\/et\\\/#organization\",\"name\":\"Baltic Horizon\",\"url\":\"https:\\\/\\\/www.baltichorizon.com\\\/et\\\/\",\"logo\":{\"@type\":\"ImageObject\",\"inLanguage\":\"et\",\"@id\":\"https:\\\/\\\/www.baltichorizon.com\\\/et\\\/#\\\/schema\\\/logo\\\/image\\\/\",\"url\":\"https:\\\/\\\/www.baltichorizon.com\\\/wp-content\\\/uploads\\\/2022\\\/11\\\/default-image.jpg\",\"contentUrl\":\"https:\\\/\\\/www.baltichorizon.com\\\/wp-content\\\/uploads\\\/2022\\\/11\\\/default-image.jpg\",\"width\":768,\"height\":660,\"caption\":\"Baltic Horizon\"},\"image\":{\"@id\":\"https:\\\/\\\/www.baltichorizon.com\\\/et\\\/#\\\/schema\\\/logo\\\/image\\\/\"},\"sameAs\":[\"https:\\\/\\\/www.facebook.com\\\/baltichorizon\",\"https:\\\/\\\/x.com\\\/BalticHorizon\",\"https:\\\/\\\/www.linkedin.com\\\/company\\\/baltic-horizon\\\/\",\"https:\\\/\\\/www.youtube.com\\\/channel\\\/UCxi2F3KlIse1gAxfe-vWK9A\"]},{\"@type\":\"Person\",\"@id\":\"https:\\\/\\\/www.baltichorizon.com\\\/et\\\/#\\\/schema\\\/person\\\/cfd727154e020e736c8e53a70c2aa721\",\"name\":\"admin_baltic\",\"image\":{\"@type\":\"ImageObject\",\"inLanguage\":\"et\",\"@id\":\"https:\\\/\\\/secure.gravatar.com\\\/avatar\\\/c6f8f5aeee19dcbeda8d9e56415b483e026ca74be604d132b273817cdb4d067f?s=96&d=mm&r=g\",\"url\":\"https:\\\/\\\/secure.gravatar.com\\\/avatar\\\/c6f8f5aeee19dcbeda8d9e56415b483e026ca74be604d132b273817cdb4d067f?s=96&d=mm&r=g\",\"contentUrl\":\"https:\\\/\\\/secure.gravatar.com\\\/avatar\\\/c6f8f5aeee19dcbeda8d9e56415b483e026ca74be604d132b273817cdb4d067f?s=96&d=mm&r=g\",\"caption\":\"admin_baltic\"},\"sameAs\":[\"http:\\\/\\\/baltichorizon.com\"]}]}<\/script>\n<!-- \/ Yoast SEO plugin. -->","yoast_head_json":{"title":"Baltic Horizon Fondi SFDR teabe avalikustamine - Baltic Horizon","description":"Baltic Horizon Fondi teabe avalikustamine j\u00e4tkusuutlikkust k\u00e4sitleva teabe avalikustamise m\u00e4\u00e4ruse (SFDR) alusel.","robots":{"index":"index","follow":"follow","max-snippet":"max-snippet:-1","max-image-preview":"max-image-preview:large","max-video-preview":"max-video-preview:-1"},"canonical":"https:\/\/www.baltichorizon.com\/et\/esg\/sfdr-teabe-avalikustamine\/","og_locale":"et_EE","og_type":"article","og_title":"Baltic Horizon Fondi SFDR teabe avalikustamine - Baltic Horizon","og_description":"Baltic Horizon Fondi teabe avalikustamine j\u00e4tkusuutlikkust k\u00e4sitleva teabe avalikustamise m\u00e4\u00e4ruse (SFDR) alusel.","og_url":"https:\/\/www.baltichorizon.com\/et\/esg\/sfdr-teabe-avalikustamine\/","og_site_name":"Baltic Horizon","article_publisher":"https:\/\/www.facebook.com\/baltichorizon","article_modified_time":"2025-11-07T15:35:08+00:00","twitter_card":"summary_large_image","twitter_site":"@BalticHorizon","schema":{"@context":"https:\/\/schema.org","@graph":[{"@type":["Article","Report"],"@id":"https:\/\/www.baltichorizon.com\/et\/esg\/sfdr-teabe-avalikustamine\/#article","isPartOf":{"@id":"https:\/\/www.baltichorizon.com\/et\/esg\/sfdr-teabe-avalikustamine\/"},"author":{"name":"admin_baltic","@id":"https:\/\/www.baltichorizon.com\/et\/#\/schema\/person\/cfd727154e020e736c8e53a70c2aa721"},"headline":"Baltic Horizon Fondi SFDR teabe avalikustamine","datePublished":"2022-10-17T12:56:55+00:00","dateModified":"2025-11-07T15:35:08+00:00","mainEntityOfPage":{"@id":"https:\/\/www.baltichorizon.com\/et\/esg\/sfdr-teabe-avalikustamine\/"},"wordCount":6,"publisher":{"@id":"https:\/\/www.baltichorizon.com\/et\/#organization"},"inLanguage":"et"},{"@type":["WebPage","FAQPage"],"@id":"https:\/\/www.baltichorizon.com\/et\/esg\/sfdr-teabe-avalikustamine\/","url":"https:\/\/www.baltichorizon.com\/et\/esg\/sfdr-teabe-avalikustamine\/","name":"Baltic Horizon Fondi SFDR teabe avalikustamine - Baltic Horizon","isPartOf":{"@id":"https:\/\/www.baltichorizon.com\/et\/#website"},"datePublished":"2022-10-17T12:56:55+00:00","dateModified":"2025-11-07T15:35:08+00:00","description":"Baltic Horizon Fondi teabe avalikustamine j\u00e4tkusuutlikkust k\u00e4sitleva teabe avalikustamise m\u00e4\u00e4ruse (SFDR) alusel.","breadcrumb":{"@id":"https:\/\/www.baltichorizon.com\/et\/esg\/sfdr-teabe-avalikustamine\/#breadcrumb"},"inLanguage":"et","potentialAction":[{"@type":"ReadAction","target":["https:\/\/www.baltichorizon.com\/et\/esg\/sfdr-teabe-avalikustamine\/"]}]},{"@type":"BreadcrumbList","@id":"https:\/\/www.baltichorizon.com\/et\/esg\/sfdr-teabe-avalikustamine\/#breadcrumb","itemListElement":[{"@type":"ListItem","position":1,"name":"Home","item":"https:\/\/www.baltichorizon.com\/et\/"},{"@type":"ListItem","position":2,"name":"J\u00e4tkusuutlikkus","item":"https:\/\/www.baltichorizon.com\/et\/esg\/"},{"@type":"ListItem","position":3,"name":"Baltic Horizon Fondi SFDR teabe avalikustamine"}]},{"@type":"WebSite","@id":"https:\/\/www.baltichorizon.com\/et\/#website","url":"https:\/\/www.baltichorizon.com\/et\/","name":"Baltic Horizon","description":"Baltic Horizon Fund (further \u201cBH\u201d) is a regulated closed-end contractual investment fund registered in Estonia on 23 May 2016.","publisher":{"@id":"https:\/\/www.baltichorizon.com\/et\/#organization"},"potentialAction":[{"@type":"SearchAction","target":{"@type":"EntryPoint","urlTemplate":"https:\/\/www.baltichorizon.com\/et\/?s={search_term_string}"},"query-input":{"@type":"PropertyValueSpecification","valueRequired":true,"valueName":"search_term_string"}}],"inLanguage":"et"},{"@type":"Organization","@id":"https:\/\/www.baltichorizon.com\/et\/#organization","name":"Baltic Horizon","url":"https:\/\/www.baltichorizon.com\/et\/","logo":{"@type":"ImageObject","inLanguage":"et","@id":"https:\/\/www.baltichorizon.com\/et\/#\/schema\/logo\/image\/","url":"https:\/\/www.baltichorizon.com\/wp-content\/uploads\/2022\/11\/default-image.jpg","contentUrl":"https:\/\/www.baltichorizon.com\/wp-content\/uploads\/2022\/11\/default-image.jpg","width":768,"height":660,"caption":"Baltic Horizon"},"image":{"@id":"https:\/\/www.baltichorizon.com\/et\/#\/schema\/logo\/image\/"},"sameAs":["https:\/\/www.facebook.com\/baltichorizon","https:\/\/x.com\/BalticHorizon","https:\/\/www.linkedin.com\/company\/baltic-horizon\/","https:\/\/www.youtube.com\/channel\/UCxi2F3KlIse1gAxfe-vWK9A"]},{"@type":"Person","@id":"https:\/\/www.baltichorizon.com\/et\/#\/schema\/person\/cfd727154e020e736c8e53a70c2aa721","name":"admin_baltic","image":{"@type":"ImageObject","inLanguage":"et","@id":"https:\/\/secure.gravatar.com\/avatar\/c6f8f5aeee19dcbeda8d9e56415b483e026ca74be604d132b273817cdb4d067f?s=96&d=mm&r=g","url":"https:\/\/secure.gravatar.com\/avatar\/c6f8f5aeee19dcbeda8d9e56415b483e026ca74be604d132b273817cdb4d067f?s=96&d=mm&r=g","contentUrl":"https:\/\/secure.gravatar.com\/avatar\/c6f8f5aeee19dcbeda8d9e56415b483e026ca74be604d132b273817cdb4d067f?s=96&d=mm&r=g","caption":"admin_baltic"},"sameAs":["http:\/\/baltichorizon.com"]}]}},"_links":{"self":[{"href":"https:\/\/www.baltichorizon.com\/et\/wp-json\/wp\/v2\/pages\/42903","targetHints":{"allow":["GET"]}}],"collection":[{"href":"https:\/\/www.baltichorizon.com\/et\/wp-json\/wp\/v2\/pages"}],"about":[{"href":"https:\/\/www.baltichorizon.com\/et\/wp-json\/wp\/v2\/types\/page"}],"author":[{"embeddable":true,"href":"https:\/\/www.baltichorizon.com\/et\/wp-json\/wp\/v2\/users\/1"}],"replies":[{"embeddable":true,"href":"https:\/\/www.baltichorizon.com\/et\/wp-json\/wp\/v2\/comments?post=42903"}],"version-history":[{"count":17,"href":"https:\/\/www.baltichorizon.com\/et\/wp-json\/wp\/v2\/pages\/42903\/revisions"}],"predecessor-version":[{"id":60715,"href":"https:\/\/www.baltichorizon.com\/et\/wp-json\/wp\/v2\/pages\/42903\/revisions\/60715"}],"up":[{"embeddable":true,"href":"https:\/\/www.baltichorizon.com\/et\/wp-json\/wp\/v2\/pages\/42879"}],"wp:attachment":[{"href":"https:\/\/www.baltichorizon.com\/et\/wp-json\/wp\/v2\/media?parent=42903"}],"curies":[{"name":"wp","href":"https:\/\/api.w.org\/{rel}","templated":true}]}}