{"id":42915,"date":"2022-11-03T16:10:19","date_gmt":"2022-11-03T14:10:19","guid":{"rendered":"https:\/\/baltichorizon.com\/unit-info-and-investor-tools\/"},"modified":"2026-03-16T10:04:35","modified_gmt":"2026-03-16T08:04:35","slug":"osaku-teave-ja-investorite-tooriistad","status":"publish","type":"page","link":"https:\/\/www.baltichorizon.com\/et\/osaku-teave-ja-investorite-tooriistad\/","title":{"rendered":"Osaku teave ja investorite t\u00f6\u00f6riistad"},"content":{"rendered":"","protected":false},"excerpt":{"rendered":"","protected":false},"author":1,"featured_media":0,"parent":0,"menu_order":0,"comment_status":"closed","ping_status":"closed","template":"iframe.blade.php","meta":{"_acf_changed":false,"inline_featured_image":false,"footnotes":""},"class_list":["post-42915","page","type-page","status-publish","hentry"],"acf":[],"yoast_head":"<!-- This site is optimized with the Yoast SEO plugin v27.3 - https:\/\/yoast.com\/product\/yoast-seo-wordpress\/ -->\n<title>Osaku teave ja investorite t\u00f6\u00f6riistad - Baltic Horizon<\/title>\n<meta name=\"description\" content=\"Nasdaqi b\u00f6rsil noteerimise info ja vahendid praeguse ja varasema tulemuslikkuse anal\u00fc\u00fcsiks.\" \/>\n<meta name=\"robots\" content=\"index, follow, max-snippet:-1, max-image-preview:large, max-video-preview:-1\" \/>\n<link rel=\"canonical\" href=\"https:\/\/www.baltichorizon.com\/et\/osaku-teave-ja-investorite-tooriistad\/\" \/>\n<meta property=\"og:locale\" content=\"et_EE\" \/>\n<meta property=\"og:type\" content=\"article\" \/>\n<meta property=\"og:title\" content=\"Osaku teave ja investorite t\u00f6\u00f6riistad - Baltic Horizon\" \/>\n<meta property=\"og:description\" content=\"Nasdaqi b\u00f6rsil noteerimise info ja vahendid praeguse ja varasema tulemuslikkuse anal\u00fc\u00fcsiks.\" \/>\n<meta property=\"og:url\" content=\"https:\/\/www.baltichorizon.com\/et\/osaku-teave-ja-investorite-tooriistad\/\" \/>\n<meta property=\"og:site_name\" content=\"Baltic Horizon\" \/>\n<meta property=\"article:publisher\" content=\"https:\/\/www.facebook.com\/baltichorizon\" \/>\n<meta property=\"article:modified_time\" content=\"2026-03-16T08:04:35+00:00\" \/>\n<meta name=\"twitter:card\" content=\"summary_large_image\" \/>\n<meta name=\"twitter:site\" content=\"@BalticHorizon\" \/>\n<script type=\"application\/ld+json\" class=\"yoast-schema-graph\">{\"@context\":\"https:\\\/\\\/schema.org\",\"@graph\":[{\"@type\":[\"WebPage\",\"AboutPage\"],\"@id\":\"https:\\\/\\\/www.baltichorizon.com\\\/et\\\/osaku-teave-ja-investorite-tooriistad\\\/\",\"url\":\"https:\\\/\\\/www.baltichorizon.com\\\/et\\\/osaku-teave-ja-investorite-tooriistad\\\/\",\"name\":\"Osaku teave ja investorite t\u00f6\u00f6riistad - Baltic Horizon\",\"isPartOf\":{\"@id\":\"https:\\\/\\\/www.baltichorizon.com\\\/et\\\/#website\"},\"datePublished\":\"2022-11-03T14:10:19+00:00\",\"dateModified\":\"2026-03-16T08:04:35+00:00\",\"description\":\"Nasdaqi b\u00f6rsil noteerimise info ja vahendid praeguse ja varasema tulemuslikkuse anal\u00fc\u00fcsiks.\",\"breadcrumb\":{\"@id\":\"https:\\\/\\\/www.baltichorizon.com\\\/et\\\/osaku-teave-ja-investorite-tooriistad\\\/#breadcrumb\"},\"inLanguage\":\"et\",\"potentialAction\":[{\"@type\":\"ReadAction\",\"target\":[\"https:\\\/\\\/www.baltichorizon.com\\\/et\\\/osaku-teave-ja-investorite-tooriistad\\\/\"]}]},{\"@type\":\"BreadcrumbList\",\"@id\":\"https:\\\/\\\/www.baltichorizon.com\\\/et\\\/osaku-teave-ja-investorite-tooriistad\\\/#breadcrumb\",\"itemListElement\":[{\"@type\":\"ListItem\",\"position\":1,\"name\":\"Home\",\"item\":\"https:\\\/\\\/www.baltichorizon.com\\\/et\\\/\"},{\"@type\":\"ListItem\",\"position\":2,\"name\":\"Osaku teave ja investorite t\u00f6\u00f6riistad\"}]},{\"@type\":\"WebSite\",\"@id\":\"https:\\\/\\\/www.baltichorizon.com\\\/et\\\/#website\",\"url\":\"https:\\\/\\\/www.baltichorizon.com\\\/et\\\/\",\"name\":\"Baltic Horizon\",\"description\":\"Baltic Horizon Fund (further \u201cBH\u201d) is a regulated closed-end contractual investment fund registered in Estonia on 23 May 2016.\",\"publisher\":{\"@id\":\"https:\\\/\\\/www.baltichorizon.com\\\/et\\\/#organization\"},\"potentialAction\":[{\"@type\":\"SearchAction\",\"target\":{\"@type\":\"EntryPoint\",\"urlTemplate\":\"https:\\\/\\\/www.baltichorizon.com\\\/et\\\/?s={search_term_string}\"},\"query-input\":{\"@type\":\"PropertyValueSpecification\",\"valueRequired\":true,\"valueName\":\"search_term_string\"}}],\"inLanguage\":\"et\"},{\"@type\":\"Organization\",\"@id\":\"https:\\\/\\\/www.baltichorizon.com\\\/et\\\/#organization\",\"name\":\"Baltic Horizon\",\"url\":\"https:\\\/\\\/www.baltichorizon.com\\\/et\\\/\",\"logo\":{\"@type\":\"ImageObject\",\"inLanguage\":\"et\",\"@id\":\"https:\\\/\\\/www.baltichorizon.com\\\/et\\\/#\\\/schema\\\/logo\\\/image\\\/\",\"url\":\"https:\\\/\\\/www.baltichorizon.com\\\/wp-content\\\/uploads\\\/2022\\\/11\\\/default-image.jpg\",\"contentUrl\":\"https:\\\/\\\/www.baltichorizon.com\\\/wp-content\\\/uploads\\\/2022\\\/11\\\/default-image.jpg\",\"width\":768,\"height\":660,\"caption\":\"Baltic Horizon\"},\"image\":{\"@id\":\"https:\\\/\\\/www.baltichorizon.com\\\/et\\\/#\\\/schema\\\/logo\\\/image\\\/\"},\"sameAs\":[\"https:\\\/\\\/www.facebook.com\\\/baltichorizon\",\"https:\\\/\\\/x.com\\\/BalticHorizon\",\"https:\\\/\\\/www.linkedin.com\\\/company\\\/baltic-horizon\\\/\",\"https:\\\/\\\/www.youtube.com\\\/channel\\\/UCxi2F3KlIse1gAxfe-vWK9A\"]}]}<\/script>\n<!-- \/ Yoast SEO plugin. -->","yoast_head_json":{"title":"Osaku teave ja investorite t\u00f6\u00f6riistad - Baltic Horizon","description":"Nasdaqi b\u00f6rsil noteerimise info ja vahendid praeguse ja varasema tulemuslikkuse anal\u00fc\u00fcsiks.","robots":{"index":"index","follow":"follow","max-snippet":"max-snippet:-1","max-image-preview":"max-image-preview:large","max-video-preview":"max-video-preview:-1"},"canonical":"https:\/\/www.baltichorizon.com\/et\/osaku-teave-ja-investorite-tooriistad\/","og_locale":"et_EE","og_type":"article","og_title":"Osaku teave ja investorite t\u00f6\u00f6riistad - Baltic Horizon","og_description":"Nasdaqi b\u00f6rsil noteerimise info ja vahendid praeguse ja varasema tulemuslikkuse anal\u00fc\u00fcsiks.","og_url":"https:\/\/www.baltichorizon.com\/et\/osaku-teave-ja-investorite-tooriistad\/","og_site_name":"Baltic Horizon","article_publisher":"https:\/\/www.facebook.com\/baltichorizon","article_modified_time":"2026-03-16T08:04:35+00:00","twitter_card":"summary_large_image","twitter_site":"@BalticHorizon","schema":{"@context":"https:\/\/schema.org","@graph":[{"@type":["WebPage","AboutPage"],"@id":"https:\/\/www.baltichorizon.com\/et\/osaku-teave-ja-investorite-tooriistad\/","url":"https:\/\/www.baltichorizon.com\/et\/osaku-teave-ja-investorite-tooriistad\/","name":"Osaku teave ja investorite t\u00f6\u00f6riistad - Baltic Horizon","isPartOf":{"@id":"https:\/\/www.baltichorizon.com\/et\/#website"},"datePublished":"2022-11-03T14:10:19+00:00","dateModified":"2026-03-16T08:04:35+00:00","description":"Nasdaqi b\u00f6rsil noteerimise info ja vahendid praeguse ja varasema tulemuslikkuse anal\u00fc\u00fcsiks.","breadcrumb":{"@id":"https:\/\/www.baltichorizon.com\/et\/osaku-teave-ja-investorite-tooriistad\/#breadcrumb"},"inLanguage":"et","potentialAction":[{"@type":"ReadAction","target":["https:\/\/www.baltichorizon.com\/et\/osaku-teave-ja-investorite-tooriistad\/"]}]},{"@type":"BreadcrumbList","@id":"https:\/\/www.baltichorizon.com\/et\/osaku-teave-ja-investorite-tooriistad\/#breadcrumb","itemListElement":[{"@type":"ListItem","position":1,"name":"Home","item":"https:\/\/www.baltichorizon.com\/et\/"},{"@type":"ListItem","position":2,"name":"Osaku teave ja investorite t\u00f6\u00f6riistad"}]},{"@type":"WebSite","@id":"https:\/\/www.baltichorizon.com\/et\/#website","url":"https:\/\/www.baltichorizon.com\/et\/","name":"Baltic Horizon","description":"Baltic Horizon Fund (further \u201cBH\u201d) is a regulated closed-end contractual investment fund registered in Estonia on 23 May 2016.","publisher":{"@id":"https:\/\/www.baltichorizon.com\/et\/#organization"},"potentialAction":[{"@type":"SearchAction","target":{"@type":"EntryPoint","urlTemplate":"https:\/\/www.baltichorizon.com\/et\/?s={search_term_string}"},"query-input":{"@type":"PropertyValueSpecification","valueRequired":true,"valueName":"search_term_string"}}],"inLanguage":"et"},{"@type":"Organization","@id":"https:\/\/www.baltichorizon.com\/et\/#organization","name":"Baltic Horizon","url":"https:\/\/www.baltichorizon.com\/et\/","logo":{"@type":"ImageObject","inLanguage":"et","@id":"https:\/\/www.baltichorizon.com\/et\/#\/schema\/logo\/image\/","url":"https:\/\/www.baltichorizon.com\/wp-content\/uploads\/2022\/11\/default-image.jpg","contentUrl":"https:\/\/www.baltichorizon.com\/wp-content\/uploads\/2022\/11\/default-image.jpg","width":768,"height":660,"caption":"Baltic Horizon"},"image":{"@id":"https:\/\/www.baltichorizon.com\/et\/#\/schema\/logo\/image\/"},"sameAs":["https:\/\/www.facebook.com\/baltichorizon","https:\/\/x.com\/BalticHorizon","https:\/\/www.linkedin.com\/company\/baltic-horizon\/","https:\/\/www.youtube.com\/channel\/UCxi2F3KlIse1gAxfe-vWK9A"]}]}},"_links":{"self":[{"href":"https:\/\/www.baltichorizon.com\/et\/wp-json\/wp\/v2\/pages\/42915","targetHints":{"allow":["GET"]}}],"collection":[{"href":"https:\/\/www.baltichorizon.com\/et\/wp-json\/wp\/v2\/pages"}],"about":[{"href":"https:\/\/www.baltichorizon.com\/et\/wp-json\/wp\/v2\/types\/page"}],"author":[{"embeddable":true,"href":"https:\/\/www.baltichorizon.com\/et\/wp-json\/wp\/v2\/users\/1"}],"replies":[{"embeddable":true,"href":"https:\/\/www.baltichorizon.com\/et\/wp-json\/wp\/v2\/comments?post=42915"}],"version-history":[{"count":12,"href":"https:\/\/www.baltichorizon.com\/et\/wp-json\/wp\/v2\/pages\/42915\/revisions"}],"predecessor-version":[{"id":371596,"href":"https:\/\/www.baltichorizon.com\/et\/wp-json\/wp\/v2\/pages\/42915\/revisions\/371596"}],"wp:attachment":[{"href":"https:\/\/www.baltichorizon.com\/et\/wp-json\/wp\/v2\/media?parent=42915"}],"curies":[{"name":"wp","href":"https:\/\/api.w.org\/{rel}","templated":true}]}}